{"id":1879,"date":"2025-12-02T17:13:06","date_gmt":"2025-12-02T17:13:06","guid":{"rendered":"https:\/\/rosemolinabarrios.com\/?page_id=1879"},"modified":"2025-12-07T10:42:49","modified_gmt":"2025-12-07T10:42:49","slug":"private-yoga-sessions-yoga-sound-healing","status":"publish","type":"page","link":"https:\/\/rosemolinabarrios.com\/es\/yoga-sound-healing-retreats\/private-yoga-sessions\/private-yoga-sessions-yoga-sound-healing\/","title":{"rendered":"Private Yoga Sessions &#8211; Yoga + Sound Healing\u200b"},"content":{"rendered":"<div data-elementor-type=\"wp-page\" data-elementor-id=\"1879\" class=\"elementor elementor-1879\" data-elementor-post-type=\"page\">\n\t\t\t\t<div data-particle_enable=\"false\" data-particle-mobile-disabled=\"false\" class=\"elementor-element elementor-element-1467605b e-flex e-con-boxed e-con e-parent\" data-id=\"1467605b\" data-element_type=\"container\" data-settings=\"{&quot;background_background&quot;:&quot;classic&quot;}\">\n\t\t\t\t\t<div class=\"e-con-inner\">\n\t\t<div data-particle_enable=\"false\" data-particle-mobile-disabled=\"false\" class=\"elementor-element elementor-element-7e5c048a e-con-full e-flex e-con e-child\" data-id=\"7e5c048a\" data-element_type=\"container\">\n\t\t<div data-particle_enable=\"false\" data-particle-mobile-disabled=\"false\" class=\"elementor-element elementor-element-7fb0c59e e-con-full e-flex e-con e-child\" data-id=\"7fb0c59e\" data-element_type=\"container\">\n\t\t<div data-particle_enable=\"false\" data-particle-mobile-disabled=\"false\" class=\"elementor-element elementor-element-7876032c e-con-full e-flex e-con e-child\" data-id=\"7876032c\" data-element_type=\"container\">\n\t\t<div data-particle_enable=\"false\" data-particle-mobile-disabled=\"false\" class=\"elementor-element elementor-element-40e9201e e-con-full e-flex e-con e-child\" data-id=\"40e9201e\" data-element_type=\"container\" data-settings=\"{&quot;background_background&quot;:&quot;classic&quot;}\">\n\t\t<div data-particle_enable=\"false\" data-particle-mobile-disabled=\"false\" class=\"elementor-element elementor-element-36725eef e-con-full e-flex e-con e-child\" data-id=\"36725eef\" data-element_type=\"container\">\n\t\t\t\t<div class=\"elementor-element elementor-element-33ade9e9 elementor-widget elementor-widget-image\" data-id=\"33ade9e9\" data-element_type=\"widget\" data-widget_type=\"image.default\">\n\t\t\t\t\t\t\t\t\t\t\t\t\t\t\t<img decoding=\"async\" width=\"62\" height=\"62\" src=\"https:\/\/rosemolinabarrios.com\/wp-content\/uploads\/2025\/08\/Rectangle-2.png\" class=\"attachment-large size-large wp-image-145\" alt=\"\" \/>\t\t\t\t\t\t\t\t\t\t\t\t\t\t\t<\/div>\n\t\t\t\t<\/div>\n\t\t<div data-particle_enable=\"false\" data-particle-mobile-disabled=\"false\" class=\"elementor-element elementor-element-8252d8b e-con-full e-flex e-con e-child\" data-id=\"8252d8b\" data-element_type=\"container\">\n\t\t\t\t<div class=\"elementor-element elementor-element-241d0bc9 elementor-widget elementor-widget-text-editor\" data-id=\"241d0bc9\" data-element_type=\"widget\" data-widget_type=\"text-editor.default\">\n\t\t\t\t\t\t\t\t\t<p>Sound Healing<\/p>\t\t\t\t\t\t\t\t<\/div>\n\t\t\t\t<\/div>\n\t\t\t\t<\/div>\n\t\t\t\t<\/div>\n\t\t<div data-particle_enable=\"false\" data-particle-mobile-disabled=\"false\" class=\"elementor-element elementor-element-2531fe5c e-con-full e-flex e-con e-child\" data-id=\"2531fe5c\" data-element_type=\"container\">\n\t\t\t\t<div class=\"elementor-element elementor-element-2c2cfe46 elementor-widget elementor-widget-heading\" data-id=\"2c2cfe46\" data-element_type=\"widget\" data-widget_type=\"heading.default\">\n\t\t\t\t\t<h1 class=\"elementor-heading-title elementor-size-default\">Yoga + Sound Healing\u200b<\/h1>\t\t\t\t<\/div>\n\t\t\t\t<div class=\"elementor-element elementor-element-8c25ba1 elementor-widget elementor-widget-text-editor\" data-id=\"8c25ba1\" data-element_type=\"widget\" data-widget_type=\"text-editor.default\">\n\t\t\t\t\t\t\t\t\t<p>Movimiento y vibraci\u00f3n para una restauraci\u00f3n profunda.<\/p>\t\t\t\t\t\t\t\t<\/div>\n\t\t\t\t<\/div>\n\t\t\t\t<\/div>\n\t\t\t\t<\/div>\n\t\t\t\t\t<\/div>\n\t\t\t\t<\/div>\n\t\t<div data-particle_enable=\"false\" data-particle-mobile-disabled=\"false\" class=\"elementor-element elementor-element-3b44345d e-flex e-con-boxed e-con e-parent\" data-id=\"3b44345d\" data-element_type=\"container\" data-settings=\"{&quot;background_background&quot;:&quot;classic&quot;}\">\n\t\t\t\t\t<div class=\"e-con-inner\">\n\t\t<div data-particle_enable=\"false\" data-particle-mobile-disabled=\"false\" class=\"elementor-element elementor-element-3a3938a e-con-full e-flex e-con e-child\" data-id=\"3a3938a\" data-element_type=\"container\">\n\t\t<div data-particle_enable=\"false\" data-particle-mobile-disabled=\"false\" class=\"elementor-element elementor-element-357c6d9d e-con-full e-flex e-con e-child\" data-id=\"357c6d9d\" data-element_type=\"container\">\n\t\t<div data-particle_enable=\"false\" data-particle-mobile-disabled=\"false\" class=\"elementor-element elementor-element-32c50220 e-con-full e-flex e-con e-child\" data-id=\"32c50220\" data-element_type=\"container\">\n\t\t\t\t<div class=\"elementor-element elementor-element-63628b67 elementor-invisible elementor-widget elementor-widget-image\" data-id=\"63628b67\" data-element_type=\"widget\" data-settings=\"{&quot;_animation&quot;:&quot;fadeInLeft&quot;}\" data-widget_type=\"image.default\">\n\t\t\t\t\t\t\t\t\t\t\t\t\t\t\t<img fetchpriority=\"high\" decoding=\"async\" width=\"800\" height=\"913\" src=\"https:\/\/rosemolinabarrios.com\/wp-content\/uploads\/2025\/08\/PXL_20250716_041500865-1051x1200.jpg\" class=\"attachment-large size-large wp-image-808\" alt=\"Rose Yoga\" srcset=\"https:\/\/rosemolinabarrios.com\/wp-content\/uploads\/2025\/08\/PXL_20250716_041500865-1051x1200.jpg 1051w, https:\/\/rosemolinabarrios.com\/wp-content\/uploads\/2025\/08\/PXL_20250716_041500865-438x500.jpg 438w, https:\/\/rosemolinabarrios.com\/wp-content\/uploads\/2025\/08\/PXL_20250716_041500865-263x300.jpg 263w, https:\/\/rosemolinabarrios.com\/wp-content\/uploads\/2025\/08\/PXL_20250716_041500865-768x877.jpg 768w, https:\/\/rosemolinabarrios.com\/wp-content\/uploads\/2025\/08\/PXL_20250716_041500865-1345x1536.jpg 1345w, https:\/\/rosemolinabarrios.com\/wp-content\/uploads\/2025\/08\/PXL_20250716_041500865-1794x2048.jpg 1794w, https:\/\/rosemolinabarrios.com\/wp-content\/uploads\/2025\/08\/PXL_20250716_041500865-11x12.jpg 11w\" sizes=\"(max-width: 800px) 100vw, 800px\" \/>\t\t\t\t\t\t\t\t\t\t\t\t\t\t\t<\/div>\n\t\t\t\t<\/div>\n\t\t<div data-particle_enable=\"false\" data-particle-mobile-disabled=\"false\" class=\"elementor-element elementor-element-1aa5ee64 e-con-full e-flex elementor-invisible e-con e-child\" data-id=\"1aa5ee64\" data-element_type=\"container\" data-settings=\"{&quot;animation&quot;:&quot;fadeInRight&quot;}\">\n\t\t<div data-particle_enable=\"false\" data-particle-mobile-disabled=\"false\" class=\"elementor-element elementor-element-5b79486 e-con-full e-flex e-con e-child\" data-id=\"5b79486\" data-element_type=\"container\">\n\t\t<div data-particle_enable=\"false\" data-particle-mobile-disabled=\"false\" class=\"elementor-element elementor-element-16510f3e e-con-full e-flex e-con e-child\" data-id=\"16510f3e\" data-element_type=\"container\">\n\t\t<div data-particle_enable=\"false\" data-particle-mobile-disabled=\"false\" class=\"elementor-element elementor-element-2af224f7 e-con-full e-flex e-con e-child\" data-id=\"2af224f7\" data-element_type=\"container\" data-settings=\"{&quot;background_background&quot;:&quot;classic&quot;}\">\n\t\t<div data-particle_enable=\"false\" data-particle-mobile-disabled=\"false\" class=\"elementor-element elementor-element-67a1ceef e-con-full e-flex e-con e-child\" data-id=\"67a1ceef\" data-element_type=\"container\">\n\t\t\t\t<div class=\"elementor-element elementor-element-39a20415 elementor-widget elementor-widget-image\" data-id=\"39a20415\" data-element_type=\"widget\" data-widget_type=\"image.default\">\n\t\t\t\t\t\t\t\t\t\t\t\t\t\t\t<img decoding=\"async\" width=\"62\" height=\"62\" src=\"https:\/\/rosemolinabarrios.com\/wp-content\/uploads\/2025\/08\/Rectangle-2.png\" class=\"attachment-large size-large wp-image-145\" alt=\"\" \/>\t\t\t\t\t\t\t\t\t\t\t\t\t\t\t<\/div>\n\t\t\t\t<\/div>\n\t\t<div data-particle_enable=\"false\" data-particle-mobile-disabled=\"false\" class=\"elementor-element elementor-element-73d8bad9 e-con-full e-flex e-con e-child\" data-id=\"73d8bad9\" data-element_type=\"container\">\n\t\t\t\t<div class=\"elementor-element elementor-element-58cd47c4 elementor-widget elementor-widget-text-editor\" data-id=\"58cd47c4\" data-element_type=\"widget\" data-widget_type=\"text-editor.default\">\n\t\t\t\t\t\t\t\t\t<p>Sound Healing<\/p>\t\t\t\t\t\t\t\t<\/div>\n\t\t\t\t<\/div>\n\t\t\t\t<\/div>\n\t\t\t\t<\/div>\n\t\t<div data-particle_enable=\"false\" data-particle-mobile-disabled=\"false\" class=\"elementor-element elementor-element-107daa04 e-con-full e-flex e-con e-child\" data-id=\"107daa04\" data-element_type=\"container\">\n\t\t\t\t<div class=\"elementor-element elementor-element-31ff5b0e elementor-widget elementor-widget-heading\" data-id=\"31ff5b0e\" data-element_type=\"widget\" data-widget_type=\"heading.default\">\n\t\t\t\t\t<h3 class=\"elementor-heading-title elementor-size-default\">Yoga + Sound Healing\u200b\u200b<\/h3>\t\t\t\t<\/div>\n\t\t\t\t<div class=\"elementor-element elementor-element-66027045 elementor-widget elementor-widget-text-editor\" data-id=\"66027045\" data-element_type=\"widget\" data-widget_type=\"text-editor.default\">\n\t\t\t\t\t\t\t\t\t<p>Para quienes desean profundizar, estas sesiones entrelazan el yoga, la respiraci\u00f3n y el sonido sagrado en una experiencia inmersiva \u00fanica. El movimiento abre el cuerpo, la respiraci\u00f3n despeja la energ\u00eda y el sonido te gu\u00eda hacia una relajaci\u00f3n profunda.<br \/>Los cuencos de cristal, la voz y el ritmo constante del tambor cham\u00e1nico crean vibraciones que viajan a trav\u00e9s de cada c\u00e9lula, disolviendo la tensi\u00f3n y restaurando la armon\u00eda.<\/p><p>These sessions support:<\/p>\t\t\t\t\t\t\t\t<\/div>\n\t\t\t\t<\/div>\n\t\t\t\t<\/div>\n\t\t<div data-particle_enable=\"false\" data-particle-mobile-disabled=\"false\" class=\"elementor-element elementor-element-14ebe904 e-con-full e-flex e-con e-child\" data-id=\"14ebe904\" data-element_type=\"container\">\n\t\t<div data-particle_enable=\"false\" data-particle-mobile-disabled=\"false\" class=\"elementor-element elementor-element-70be2c4f e-con-full e-flex e-con e-child\" data-id=\"70be2c4f\" data-element_type=\"container\">\n\t\t\t\t<div class=\"elementor-element elementor-element-733ea514 elementor-mobile-align-center elementor-align-center elementor-icon-list--layout-traditional elementor-list-item-link-full_width elementor-widget elementor-widget-icon-list\" data-id=\"733ea514\" data-element_type=\"widget\" data-widget_type=\"icon-list.default\">\n\t\t\t\t\t\t\t<ul class=\"elementor-icon-list-items\">\n\t\t\t\t\t\t\t<li class=\"elementor-icon-list-item\">\n\t\t\t\t\t\t\t\t\t\t\t<span class=\"elementor-icon-list-icon\">\n\t\t\t\t\t\t\t<svg aria-hidden=\"true\" class=\"e-font-icon-svg e-fas-check-circle\" viewbox=\"0 0 512 512\" xmlns=\"http:\/\/www.w3.org\/2000\/svg\"><path d=\"M504 256c0 136.967-111.033 248-248 248S8 392.967 8 256 119.033 8 256 8s248 111.033 248 248zM227.314 387.314l184-184c6.248-6.248 6.248-16.379 0-22.627l-22.627-22.627c-6.248-6.249-16.379-6.249-22.628 0L216 308.118l-70.059-70.059c-6.248-6.248-16.379-6.248-22.628 0l-22.627 22.627c-6.248 6.248-6.248 16.379 0 22.627l104 104c6.249 6.249 16.379 6.249 22.628.001z\"><\/path><\/svg>\t\t\t\t\t\t<\/span>\n\t\t\t\t\t\t\t\t\t\t<span class=\"elementor-icon-list-text\">Liberaci\u00f3n de tensi\u00f3n f\u00edsica y emocional.<\/span>\n\t\t\t\t\t\t\t\t\t<\/li>\n\t\t\t\t\t\t\t\t<li class=\"elementor-icon-list-item\">\n\t\t\t\t\t\t\t\t\t\t\t<span class=\"elementor-icon-list-icon\">\n\t\t\t\t\t\t\t<svg aria-hidden=\"true\" class=\"e-font-icon-svg e-fas-check-circle\" viewbox=\"0 0 512 512\" xmlns=\"http:\/\/www.w3.org\/2000\/svg\"><path d=\"M504 256c0 136.967-111.033 248-248 248S8 392.967 8 256 119.033 8 256 8s248 111.033 248 248zM227.314 387.314l184-184c6.248-6.248 6.248-16.379 0-22.627l-22.627-22.627c-6.248-6.249-16.379-6.249-22.628 0L216 308.118l-70.059-70.059c-6.248-6.248-16.379-6.248-22.628 0l-22.627 22.627c-6.248 6.248-6.248 16.379 0 22.627l104 104c6.249 6.249 16.379 6.249 22.628.001z\"><\/path><\/svg>\t\t\t\t\t\t<\/span>\n\t\t\t\t\t\t\t\t\t\t<span class=\"elementor-icon-list-text\">Reinicio del sistema nervioso y renovaci\u00f3n energ\u00e9tica.<\/span>\n\t\t\t\t\t\t\t\t\t<\/li>\n\t\t\t\t\t\t<\/ul>\n\t\t\t\t\t\t<\/div>\n\t\t\t\t<\/div>\n\t\t\t\t<\/div>\n\t\t\t\t<div class=\"elementor-element elementor-element-18620cc elementor-widget elementor-widget-text-editor\" data-id=\"18620cc\" data-element_type=\"widget\" data-widget_type=\"text-editor.default\">\n\t\t\t\t\t\t\t\t\t<p>Muchos se van con una sensaci\u00f3n de restauraci\u00f3n profunda, como si se hubiera abierto un nuevo espacio de amplitud en su interior.<\/p>\t\t\t\t\t\t\t\t<\/div>\n\t\t\t\t<\/div>\n\t\t\t\t<\/div>\n\t\t\t\t<\/div>\n\t\t\t\t\t<\/div>\n\t\t\t\t<\/div>\n\t\t<div data-particle_enable=\"false\" data-particle-mobile-disabled=\"false\" class=\"elementor-element elementor-element-47701bbe e-flex e-con-boxed e-con e-parent\" data-id=\"47701bbe\" data-element_type=\"container\" data-settings=\"{&quot;background_background&quot;:&quot;video&quot;,&quot;background_video_link&quot;:&quot;https:\\\/\\\/youtu.be\\\/nkwG2KyMkYY?si=mDAo5sNpkqm1jV1G&quot;,&quot;background_video_start&quot;:1,&quot;background_video_end&quot;:13,&quot;background_play_on_mobile&quot;:&quot;yes&quot;}\">\n\t\t\t\t\t<div class=\"e-con-inner\">\n\t\t<div class=\"elementor-background-video-container\" aria-hidden=\"true\">\n\t\t\t\t\t\t\t<div class=\"elementor-background-video-embed\"><\/div>\n\t\t\t\t\t\t<\/div><div data-particle_enable=\"false\" data-particle-mobile-disabled=\"false\" class=\"elementor-element elementor-element-1b6e4f9c e-flex e-con-boxed e-con e-child\" data-id=\"1b6e4f9c\" data-element_type=\"container\">\n\t\t\t\t\t<div class=\"e-con-inner\">\n\t\t\t\t<div class=\"elementor-element elementor-element-70abc572 elementor-invisible elementor-widget elementor-widget-heading\" data-id=\"70abc572\" data-element_type=\"widget\" data-settings=\"{&quot;_animation&quot;:&quot;fadeInUp&quot;}\" data-widget_type=\"heading.default\">\n\t\t\t\t\t<h2 class=\"elementor-heading-title elementor-size-default\">Reserva tu sesi\u00f3n de Yoga + Sound Healing<\/h2>\t\t\t\t<\/div>\n\t\t\t\t\t<\/div>\n\t\t\t\t<\/div>\n\t\t<div data-particle_enable=\"false\" data-particle-mobile-disabled=\"false\" class=\"elementor-element elementor-element-36f49ff0 e-con-full e-flex e-con e-child\" data-id=\"36f49ff0\" data-element_type=\"container\">\n\t\t<div data-particle_enable=\"false\" data-particle-mobile-disabled=\"false\" class=\"elementor-element elementor-element-4c271ed2 e-con-full e-flex e-con e-child\" data-id=\"4c271ed2\" data-element_type=\"container\">\n\t\t\t\t<div class=\"elementor-element elementor-element-4c79def5 elementor-tablet-align-left elementor-mobile-align-center elementor-invisible elementor-widget elementor-widget-button\" data-id=\"4c79def5\" data-element_type=\"widget\" data-settings=\"{&quot;_animation&quot;:&quot;fadeInUp&quot;}\" data-widget_type=\"button.default\">\n\t\t\t\t\t\t\t\t\t\t<a class=\"elementor-button elementor-button-link elementor-size-sm\" href=\"https:\/\/rosemolinabarrios.com\/contact\/\" target=\"_blank\">\n\t\t\t\t\t\t<span class=\"elementor-button-content-wrapper\">\n\t\t\t\t\t\t\t\t\t<span class=\"elementor-button-text\">Contacto<\/span>\n\t\t\t\t\t<\/span>\n\t\t\t\t\t<\/a>\n\t\t\t\t\t\t\t\t<\/div>\n\t\t\t\t<\/div>\n\t\t<div data-particle_enable=\"false\" data-particle-mobile-disabled=\"false\" class=\"elementor-element elementor-element-2085fd52 e-con-full e-flex e-con e-child\" data-id=\"2085fd52\" data-element_type=\"container\">\n\t\t<div data-particle_enable=\"false\" data-particle-mobile-disabled=\"false\" class=\"elementor-element elementor-element-4f5d7724 e-con-full e-flex elementor-invisible e-con e-child\" data-id=\"4f5d7724\" data-element_type=\"container\" data-settings=\"{&quot;animation&quot;:&quot;fadeInUp&quot;}\">\n\t\t\t\t<div class=\"elementor-element elementor-element-3f5ce200 elementor-view-stacked elementor-shape-circle elementor-widget elementor-widget-icon\" data-id=\"3f5ce200\" data-element_type=\"widget\" data-widget_type=\"icon.default\">\n\t\t\t\t\t\t\t<div class=\"elementor-icon-wrapper\">\n\t\t\t<div class=\"elementor-icon\">\n\t\t\t<svg aria-hidden=\"true\" class=\"e-font-icon-svg e-fas-phone-alt\" viewbox=\"0 0 512 512\" xmlns=\"http:\/\/www.w3.org\/2000\/svg\"><path d=\"M497.39 361.8l-112-48a24 24 0 0 0-28 6.9l-49.6 60.6A370.66 370.66 0 0 1 130.6 204.11l60.6-49.6a23.94 23.94 0 0 0 6.9-28l-48-112A24.16 24.16 0 0 0 122.6.61l-104 24A24 24 0 0 0 0 48c0 256.5 207.9 464 464 464a24 24 0 0 0 23.4-18.6l24-104a24.29 24.29 0 0 0-14.01-27.6z\"><\/path><\/svg>\t\t\t<\/div>\n\t\t<\/div>\n\t\t\t\t\t\t<\/div>\n\t\t\t\t<\/div>\n\t\t<div data-particle_enable=\"false\" data-particle-mobile-disabled=\"false\" class=\"elementor-element elementor-element-1eada2bf e-con-full e-flex elementor-invisible e-con e-child\" data-id=\"1eada2bf\" data-element_type=\"container\" data-settings=\"{&quot;animation&quot;:&quot;fadeInUp&quot;}\">\n\t\t\t\t<div class=\"elementor-element elementor-element-4deeed3a elementor-widget elementor-widget-heading\" data-id=\"4deeed3a\" data-element_type=\"widget\" data-widget_type=\"heading.default\">\n\t\t\t\t\t<h2 class=\"elementor-heading-title elementor-size-default\">Agenda una llamada<\/h2>\t\t\t\t<\/div>\n\t\t\t\t<div class=\"elementor-element elementor-element-50755c93 elementor-widget elementor-widget-text-editor\" data-id=\"50755c93\" data-element_type=\"widget\" data-widget_type=\"text-editor.default\">\n\t\t\t\t\t\t\t\t\t<p>+52 987 878 7141<\/p>\t\t\t\t\t\t\t\t<\/div>\n\t\t\t\t<\/div>\n\t\t\t\t<\/div>\n\t\t\t\t<\/div>\n\t\t\t\t\t<\/div>\n\t\t\t\t<\/div>\n\t\t\t\t<\/div>","protected":false},"excerpt":{"rendered":"<p>Sound Healing Yoga + Sound Healing\u200b Movement and vibration for deep restoration. Sound Healing Yoga + Sound Healing\u200b\u200b For those who wish to go deeper, these sessions weave yoga, breath, and sacred sound into one immersive experience. Movement opens the body, breath clears the energy, and sound carries you into profound relaxation.Crystal singing bowls, voice, [&hellip;]<\/p>","protected":false},"author":1,"featured_media":0,"parent":1831,"menu_order":0,"comment_status":"closed","ping_status":"closed","template":"","meta":{"om_disable_all_campaigns":false,"footnotes":""},"class_list":["post-1879","page","type-page","status-publish","hentry"],"_links":{"self":[{"href":"https:\/\/rosemolinabarrios.com\/es\/wp-json\/wp\/v2\/pages\/1879","targetHints":{"allow":["GET"]}}],"collection":[{"href":"https:\/\/rosemolinabarrios.com\/es\/wp-json\/wp\/v2\/pages"}],"about":[{"href":"https:\/\/rosemolinabarrios.com\/es\/wp-json\/wp\/v2\/types\/page"}],"author":[{"embeddable":true,"href":"https:\/\/rosemolinabarrios.com\/es\/wp-json\/wp\/v2\/users\/1"}],"replies":[{"embeddable":true,"href":"https:\/\/rosemolinabarrios.com\/es\/wp-json\/wp\/v2\/comments?post=1879"}],"version-history":[{"count":7,"href":"https:\/\/rosemolinabarrios.com\/es\/wp-json\/wp\/v2\/pages\/1879\/revisions"}],"predecessor-version":[{"id":1889,"href":"https:\/\/rosemolinabarrios.com\/es\/wp-json\/wp\/v2\/pages\/1879\/revisions\/1889"}],"up":[{"embeddable":true,"href":"https:\/\/rosemolinabarrios.com\/es\/wp-json\/wp\/v2\/pages\/1831"}],"wp:attachment":[{"href":"https:\/\/rosemolinabarrios.com\/es\/wp-json\/wp\/v2\/media?parent=1879"}],"curies":[{"name":"wp","href":"https:\/\/api.w.org\/{rel}","templated":true}]}}