{"id":1813,"date":"2025-12-01T07:14:07","date_gmt":"2025-12-01T07:14:07","guid":{"rendered":"https:\/\/rosemolinabarrios.com\/?page_id=1813"},"modified":"2026-03-06T03:04:45","modified_gmt":"2026-03-06T03:04:45","slug":"featured-collaborations","status":"publish","type":"page","link":"https:\/\/rosemolinabarrios.com\/es\/experiences\/underwater-dance-artistic-collaborations\/featured-collaborations\/","title":{"rendered":"Colaboraciones destacadas"},"content":{"rendered":"<div data-elementor-type=\"wp-page\" data-elementor-id=\"1813\" class=\"elementor elementor-1813\" data-elementor-post-type=\"page\">\n\t\t\t\t<div data-particle_enable=\"false\" data-particle-mobile-disabled=\"false\" class=\"elementor-element elementor-element-2a0149f7 e-flex e-con-boxed e-con e-parent\" data-id=\"2a0149f7\" data-element_type=\"container\" data-settings=\"{&quot;background_background&quot;:&quot;classic&quot;}\">\n\t\t\t\t\t<div class=\"e-con-inner\">\n\t\t<div data-particle_enable=\"false\" data-particle-mobile-disabled=\"false\" class=\"elementor-element elementor-element-5c341f59 e-con-full e-flex e-con e-child\" data-id=\"5c341f59\" data-element_type=\"container\">\n\t\t<div data-particle_enable=\"false\" data-particle-mobile-disabled=\"false\" class=\"elementor-element elementor-element-1c8dbc8f e-con-full e-flex e-con e-child\" data-id=\"1c8dbc8f\" data-element_type=\"container\">\n\t\t<div data-particle_enable=\"false\" data-particle-mobile-disabled=\"false\" class=\"elementor-element elementor-element-7a76e124 e-con-full e-flex e-con e-child\" data-id=\"7a76e124\" data-element_type=\"container\">\n\t\t<div data-particle_enable=\"false\" data-particle-mobile-disabled=\"false\" class=\"elementor-element elementor-element-3b6a2f25 e-con-full e-flex e-con e-child\" data-id=\"3b6a2f25\" data-element_type=\"container\" data-settings=\"{&quot;background_background&quot;:&quot;classic&quot;}\">\n\t\t<div data-particle_enable=\"false\" data-particle-mobile-disabled=\"false\" class=\"elementor-element elementor-element-6b0dd739 e-con-full e-flex e-con e-child\" data-id=\"6b0dd739\" data-element_type=\"container\">\n\t\t\t\t<div class=\"elementor-element elementor-element-56057fcc elementor-widget elementor-widget-text-editor\" data-id=\"56057fcc\" data-element_type=\"widget\" data-widget_type=\"text-editor.default\">\n\t\t\t\t\t\t\t\t\t<p>Destacados<\/p>\t\t\t\t\t\t\t\t<\/div>\n\t\t\t\t<\/div>\n\t\t\t\t<\/div>\n\t\t\t\t<\/div>\n\t\t<div data-particle_enable=\"false\" data-particle-mobile-disabled=\"false\" class=\"elementor-element elementor-element-304cabd0 e-con-full e-flex e-con e-child\" data-id=\"304cabd0\" data-element_type=\"container\">\n\t\t\t\t<div class=\"elementor-element elementor-element-5ec7a3c6 elementor-widget elementor-widget-heading\" data-id=\"5ec7a3c6\" data-element_type=\"widget\" data-widget_type=\"heading.default\">\n\t\t\t\t\t<h1 class=\"elementor-heading-title elementor-size-default\">Colaboraciones destacadas<\/h1>\t\t\t\t<\/div>\n\t\t\t\t<\/div>\n\t\t\t\t<\/div>\n\t\t\t\t<\/div>\n\t\t\t\t\t<\/div>\n\t\t\t\t<\/div>\n\t\t<div data-particle_enable=\"false\" data-particle-mobile-disabled=\"false\" class=\"elementor-element elementor-element-2738b593 e-flex e-con-boxed e-con e-parent\" data-id=\"2738b593\" data-element_type=\"container\">\n\t\t\t\t\t<div class=\"e-con-inner\">\n\t\t<div data-particle_enable=\"false\" data-particle-mobile-disabled=\"false\" class=\"elementor-element elementor-element-1d2f38bd e-con-full e-flex e-con e-child\" data-id=\"1d2f38bd\" data-element_type=\"container\">\n\t\t<div data-particle_enable=\"false\" data-particle-mobile-disabled=\"false\" class=\"elementor-element elementor-element-4c6c1426 e-con-full e-flex e-con e-child\" data-id=\"4c6c1426\" data-element_type=\"container\">\n\t\t<div data-particle_enable=\"false\" data-particle-mobile-disabled=\"false\" class=\"elementor-element elementor-element-56639c1d e-con-full e-flex e-con e-child\" data-id=\"56639c1d\" data-element_type=\"container\">\n\t\t<div data-particle_enable=\"false\" data-particle-mobile-disabled=\"false\" class=\"elementor-element elementor-element-4e400c7b e-con-full e-flex e-con e-child\" data-id=\"4e400c7b\" data-element_type=\"container\">\n\t\t<div data-particle_enable=\"false\" data-particle-mobile-disabled=\"false\" class=\"elementor-element elementor-element-1619bc17 e-con-full e-flex e-con e-child\" data-id=\"1619bc17\" data-element_type=\"container\" data-settings=\"{&quot;background_background&quot;:&quot;classic&quot;}\">\n\t\t<div data-particle_enable=\"false\" data-particle-mobile-disabled=\"false\" class=\"elementor-element elementor-element-3c9e12d1 e-con-full e-flex e-con e-child\" data-id=\"3c9e12d1\" data-element_type=\"container\">\n\t\t\t\t<div class=\"elementor-element elementor-element-a7bc387 elementor-widget elementor-widget-text-editor\" data-id=\"a7bc387\" data-element_type=\"widget\" data-widget_type=\"text-editor.default\">\n\t\t\t\t\t\t\t\t\t<p>Destacados<\/p>\t\t\t\t\t\t\t\t<\/div>\n\t\t\t\t<\/div>\n\t\t\t\t<\/div>\n\t\t\t\t<\/div>\n\t\t<div data-particle_enable=\"false\" data-particle-mobile-disabled=\"false\" class=\"elementor-element elementor-element-2ac44b53 e-con-full e-flex e-con e-child\" data-id=\"2ac44b53\" data-element_type=\"container\">\n\t\t\t\t<div class=\"elementor-element elementor-element-1f13dba8 elementor-widget elementor-widget-heading\" data-id=\"1f13dba8\" data-element_type=\"widget\" data-widget_type=\"heading.default\">\n\t\t\t\t\t<h2 class=\"elementor-heading-title elementor-size-default\">She Is the Ocean<\/h2>\t\t\t\t<\/div>\n\t\t\t\t<div class=\"elementor-element elementor-element-a77d26e elementor-widget elementor-widget-text-editor\" data-id=\"a77d26e\" data-element_type=\"widget\" data-widget_type=\"text-editor.default\">\n\t\t\t\t\t\t\t\t\t<p>Documental dirigido por Inessa Blokhina<\/p><p>Rose participa en este galardonado filme junto a nueve mujeres del mar que son pura inspiraci\u00f3n. Juntas comparten historias de fortaleza, conexi\u00f3n y transformaci\u00f3n a trav\u00e9s del oc\u00e9ano.<\/p><p><a href=\"http:\/\/www.sheistheocean.com\" target=\"_blank\" rel=\"noopener\">www.sheistheocean.com<\/a><\/p>\t\t\t\t\t\t\t\t<\/div>\n\t\t\t\t<\/div>\n\t\t\t\t<\/div>\n\t\t<div data-particle_enable=\"false\" data-particle-mobile-disabled=\"false\" class=\"elementor-element elementor-element-3d7c7e1e e-con-full e-flex e-con e-child\" data-id=\"3d7c7e1e\" data-element_type=\"container\">\n\t\t\t\t<div class=\"elementor-element elementor-element-7e986d0e elementor-invisible elementor-widget elementor-widget-image\" data-id=\"7e986d0e\" data-element_type=\"widget\" data-settings=\"{&quot;_animation&quot;:&quot;fadeInRight&quot;}\" data-widget_type=\"image.default\">\n\t\t\t\t\t\t\t\t\t\t\t\t\t\t\t<img fetchpriority=\"high\" decoding=\"async\" width=\"800\" height=\"396\" src=\"https:\/\/rosemolinabarrios.com\/wp-content\/uploads\/2025\/09\/RoseboatSheistheOecan-1-1200x594.png\" class=\"attachment-large size-large wp-image-962\" alt=\"\" srcset=\"https:\/\/rosemolinabarrios.com\/wp-content\/uploads\/2025\/09\/RoseboatSheistheOecan-1-1200x594.png 1200w, https:\/\/rosemolinabarrios.com\/wp-content\/uploads\/2025\/09\/RoseboatSheistheOecan-1-500x248.png 500w, https:\/\/rosemolinabarrios.com\/wp-content\/uploads\/2025\/09\/RoseboatSheistheOecan-1-300x149.png 300w, https:\/\/rosemolinabarrios.com\/wp-content\/uploads\/2025\/09\/RoseboatSheistheOecan-1-768x380.png 768w, https:\/\/rosemolinabarrios.com\/wp-content\/uploads\/2025\/09\/RoseboatSheistheOecan-1-1536x761.png 1536w, https:\/\/rosemolinabarrios.com\/wp-content\/uploads\/2025\/09\/RoseboatSheistheOecan-1-2048x1015.png 2048w, https:\/\/rosemolinabarrios.com\/wp-content\/uploads\/2025\/09\/RoseboatSheistheOecan-1-18x9.png 18w\" sizes=\"(max-width: 800px) 100vw, 800px\" \/>\t\t\t\t\t\t\t\t\t\t\t\t\t\t\t<\/div>\n\t\t\t\t<\/div>\n\t\t\t\t<\/div>\n\t\t<div data-particle_enable=\"false\" data-particle-mobile-disabled=\"false\" class=\"elementor-element elementor-element-39fce142 e-con-full e-flex e-con e-child\" data-id=\"39fce142\" data-element_type=\"container\">\n\t\t<div data-particle_enable=\"false\" data-particle-mobile-disabled=\"false\" class=\"elementor-element elementor-element-681daf2d e-con-full e-flex e-con e-child\" data-id=\"681daf2d\" data-element_type=\"container\">\n\t\t\t\t<div class=\"elementor-element elementor-element-1ca42441 elementor-invisible elementor-widget elementor-widget-image\" data-id=\"1ca42441\" data-element_type=\"widget\" data-settings=\"{&quot;_animation&quot;:&quot;fadeInLeft&quot;}\" data-widget_type=\"image.default\">\n\t\t\t\t\t\t\t\t\t\t\t\t\t\t\t<img decoding=\"async\" width=\"800\" height=\"1143\" src=\"https:\/\/rosemolinabarrios.com\/wp-content\/uploads\/2026\/02\/Leggerezza-840x1200.jpg\" class=\"attachment-large size-large wp-image-2309\" alt=\"\" srcset=\"https:\/\/rosemolinabarrios.com\/wp-content\/uploads\/2026\/02\/Leggerezza-840x1200.jpg 840w, https:\/\/rosemolinabarrios.com\/wp-content\/uploads\/2026\/02\/Leggerezza-350x500.jpg 350w, https:\/\/rosemolinabarrios.com\/wp-content\/uploads\/2026\/02\/Leggerezza-210x300.jpg 210w, https:\/\/rosemolinabarrios.com\/wp-content\/uploads\/2026\/02\/Leggerezza-768x1097.jpg 768w, https:\/\/rosemolinabarrios.com\/wp-content\/uploads\/2026\/02\/Leggerezza-1075x1536.jpg 1075w, https:\/\/rosemolinabarrios.com\/wp-content\/uploads\/2026\/02\/Leggerezza-8x12.jpg 8w, https:\/\/rosemolinabarrios.com\/wp-content\/uploads\/2026\/02\/Leggerezza.jpg 1400w\" sizes=\"(max-width: 800px) 100vw, 800px\" \/>\t\t\t\t\t\t\t\t\t\t\t\t\t\t\t<\/div>\n\t\t\t\t<\/div>\n\t\t<div data-particle_enable=\"false\" data-particle-mobile-disabled=\"false\" class=\"elementor-element elementor-element-42e202df e-con-full e-flex e-con e-child\" data-id=\"42e202df\" data-element_type=\"container\">\n\t\t<div data-particle_enable=\"false\" data-particle-mobile-disabled=\"false\" class=\"elementor-element elementor-element-3e50e6f4 e-con-full e-flex e-con e-child\" data-id=\"3e50e6f4\" data-element_type=\"container\" data-settings=\"{&quot;background_background&quot;:&quot;gradient&quot;}\">\n\t\t<div data-particle_enable=\"false\" data-particle-mobile-disabled=\"false\" class=\"elementor-element elementor-element-76d0272d e-con-full e-flex e-con e-child\" data-id=\"76d0272d\" data-element_type=\"container\">\n\t\t<div data-particle_enable=\"false\" data-particle-mobile-disabled=\"false\" class=\"elementor-element elementor-element-3292753f e-con-full e-flex e-con e-child\" data-id=\"3292753f\" data-element_type=\"container\">\n\t\t\t\t<div class=\"elementor-element elementor-element-4f137feb elementor-widget elementor-widget-heading\" data-id=\"4f137feb\" data-element_type=\"widget\" data-widget_type=\"heading.default\">\n\t\t\t\t\t<h4 class=\"elementor-heading-title elementor-size-default\">The Submerged Lightness<\/h4>\t\t\t\t<\/div>\n\t\t\t\t<\/div>\n\t\t\t\t<\/div>\n\t\t<div data-particle_enable=\"false\" data-particle-mobile-disabled=\"false\" class=\"elementor-element elementor-element-2e60fece e-con-full e-flex e-con e-child\" data-id=\"2e60fece\" data-element_type=\"container\">\n\t\t\t\t<div class=\"elementor-element elementor-element-47c50e3 elementor-widget elementor-widget-text-editor\" data-id=\"47c50e3\" data-element_type=\"widget\" data-widget_type=\"text-editor.default\">\n\t\t\t\t\t\t\t\t\t<p>Largometraje documental de Fulvio Mariani \u2013 En fase de distribuci\u00f3n<\/p><p>Rose participa como la \u00fanica bailarina bajo el agua del filme, aportando movimiento y magia a este viaje cinematogr\u00e1fico a trav\u00e9s de lagos helados, mares lejanos y mundos sumergidos.<\/p>\t\t\t\t\t\t\t\t<\/div>\n\t\t\t\t<\/div>\n\t\t\t\t<\/div>\n\t\t<div data-particle_enable=\"false\" data-particle-mobile-disabled=\"false\" class=\"elementor-element elementor-element-5408c761 e-con-full e-flex e-con e-child\" data-id=\"5408c761\" data-element_type=\"container\" data-settings=\"{&quot;background_background&quot;:&quot;classic&quot;}\">\n\t\t<div data-particle_enable=\"false\" data-particle-mobile-disabled=\"false\" class=\"elementor-element elementor-element-24f54430 e-con-full e-flex e-con e-child\" data-id=\"24f54430\" data-element_type=\"container\">\n\t\t<div data-particle_enable=\"false\" data-particle-mobile-disabled=\"false\" class=\"elementor-element elementor-element-2f54a86f e-con-full e-flex e-con e-child\" data-id=\"2f54a86f\" data-element_type=\"container\">\n\t\t\t\t<div class=\"elementor-element elementor-element-f875fea elementor-widget elementor-widget-heading\" data-id=\"f875fea\" data-element_type=\"widget\" data-widget_type=\"heading.default\">\n\t\t\t\t\t<h3 class=\"elementor-heading-title elementor-size-default\">Con Bastien Soleil \u2013 Fotograf\u00eda de Bellas Artes Bajo el Agua<\/h3>\t\t\t\t<\/div>\n\t\t\t\t<\/div>\n\t\t\t\t<\/div>\n\t\t<div data-particle_enable=\"false\" data-particle-mobile-disabled=\"false\" class=\"elementor-element elementor-element-6da25559 e-con-full e-flex e-con e-child\" data-id=\"6da25559\" data-element_type=\"container\">\n\t\t\t\t<div class=\"elementor-element elementor-element-1ef183c8 elementor-widget elementor-widget-text-editor\" data-id=\"1ef183c8\" data-element_type=\"widget\" data-widget_type=\"text-editor.default\">\n\t\t\t\t\t\t\t\t\t<p>Rose colabora como modelo y artista del movimiento en las emblem\u00e1ticas series de Bellas Artes de Bastien Soleil: retratos bajo el agua que revelan la profundidad po\u00e9tica de la experiencia humana.<\/p><p><br \/>Actualmente en exhibici\u00f3n en Miami, Niza y M\u00f3naco, estas obras reflejan una devoci\u00f3n compartida por la autenticidad, la belleza y la exploraci\u00f3n creativa bajo el agua.<\/p><p><br \/>\u2192<a href=\"http:\/\/www.bastiensoleil.com\" target=\"_blank\" rel=\"noopener\"> www.bastiensoleil.com<\/a><\/p>\t\t\t\t\t\t\t\t<\/div>\n\t\t\t\t<\/div>\n\t\t\t\t<\/div>\n\t\t\t\t<\/div>\n\t\t\t\t<\/div>\n\t\t\t\t<\/div>\n\t\t\t\t\t<\/div>\n\t\t\t\t<\/div>\n\t\t<div data-particle_enable=\"false\" data-particle-mobile-disabled=\"false\" class=\"elementor-element elementor-element-7f2a922 e-flex e-con-boxed e-con e-parent\" data-id=\"7f2a922\" data-element_type=\"container\">\n\t\t\t\t\t<div class=\"e-con-inner\">\n\t\t<div data-particle_enable=\"false\" data-particle-mobile-disabled=\"false\" class=\"elementor-element elementor-element-ce7305f e-con-full e-flex e-con e-child\" data-id=\"ce7305f\" data-element_type=\"container\">\n\t\t<div data-particle_enable=\"false\" data-particle-mobile-disabled=\"false\" class=\"elementor-element elementor-element-69e1148 e-con-full e-flex e-con e-child\" data-id=\"69e1148\" data-element_type=\"container\">\n\t\t<div data-particle_enable=\"false\" data-particle-mobile-disabled=\"false\" class=\"elementor-element elementor-element-9212fa6 e-con-full e-flex e-con e-child\" data-id=\"9212fa6\" data-element_type=\"container\">\n\t\t<div data-particle_enable=\"false\" data-particle-mobile-disabled=\"false\" class=\"elementor-element elementor-element-5968414 e-con-full e-flex e-con e-child\" data-id=\"5968414\" data-element_type=\"container\" data-settings=\"{&quot;background_background&quot;:&quot;classic&quot;}\">\n\t\t<div data-particle_enable=\"false\" data-particle-mobile-disabled=\"false\" class=\"elementor-element elementor-element-dab71f8 e-con-full e-flex e-con e-child\" data-id=\"dab71f8\" data-element_type=\"container\">\n\t\t\t\t<div class=\"elementor-element elementor-element-ddead2f elementor-widget elementor-widget-text-editor\" data-id=\"ddead2f\" data-element_type=\"widget\" data-widget_type=\"text-editor.default\">\n\t\t\t\t\t\t\t\t\t<p>Destacados<\/p>\t\t\t\t\t\t\t\t<\/div>\n\t\t\t\t<\/div>\n\t\t\t\t<\/div>\n\t\t\t\t<\/div>\n\t\t<div data-particle_enable=\"false\" data-particle-mobile-disabled=\"false\" class=\"elementor-element elementor-element-7c357ef e-con-full e-flex e-con e-child\" data-id=\"7c357ef\" data-element_type=\"container\">\n\t\t\t\t<div class=\"elementor-element elementor-element-64f6898 elementor-widget elementor-widget-heading\" data-id=\"64f6898\" data-element_type=\"widget\" data-widget_type=\"heading.default\">\n\t\t\t\t\t<h2 class=\"elementor-heading-title elementor-size-default\">The First Breath<\/h2>\t\t\t\t<\/div>\n\t\t\t\t<div class=\"elementor-element elementor-element-3d6a2e4 elementor-widget elementor-widget-text-editor\" data-id=\"3d6a2e4\" data-element_type=\"widget\" data-widget_type=\"text-editor.default\">\n\t\t\t\t\t\t\t\t\t<p>Una creaci\u00f3n de Bastien Soleil, Marion Crampe y Rose Molina Barrios.<\/p><p>Un viaje transformador que fusiona la apnea, el coaching de movimiento y la direcci\u00f3n art\u00edstica en una experiencia personal profunda de foto y video bajo el agua<\/p><p>\u00a0<\/p>\t\t\t\t\t\t\t\t<\/div>\n\t\t\t\t<div class=\"elementor-element elementor-element-08e5388 elementor-blockquote--skin-quotation elementor-blockquote--align-center elementor-widget elementor-widget-blockquote\" data-id=\"08e5388\" data-element_type=\"widget\" data-widget_type=\"blockquote.default\">\n\t\t\t\t\t\t\t<blockquote class=\"elementor-blockquote\">\n\t\t\t<p class=\"elementor-blockquote__content\">\n\t\t\t\tEsto no es solo fotograf\u00eda. Es un encuentro con tu propia esencia \u2014bajo el agua.\n\t\t\t<\/p>\n\t\t\t\t\t\t\t<div class=\"e-q-footer\">\n\t\t\t\t\t\t\t\t\t\t\t<cite class=\"elementor-blockquote__author\">\u2014 Bastien Soleil<\/cite>\n\t\t\t\t\t\t\t\t\t\t\t\t\t\t<\/div>\n\t\t\t\t\t<\/blockquote>\n\t\t\t\t\t\t<\/div>\n\t\t\t\t<\/div>\n\t\t\t\t<\/div>\n\t\t<div data-particle_enable=\"false\" data-particle-mobile-disabled=\"false\" class=\"elementor-element elementor-element-211faef e-con-full e-flex e-con e-child\" data-id=\"211faef\" data-element_type=\"container\">\n\t\t\t\t<div class=\"elementor-element elementor-element-f2a2a9d elementor-invisible elementor-widget elementor-widget-image\" data-id=\"f2a2a9d\" data-element_type=\"widget\" data-settings=\"{&quot;_animation&quot;:&quot;fadeInUp&quot;}\" data-widget_type=\"image.default\">\n\t\t\t\t\t\t\t\t\t\t\t\t\t\t\t<img decoding=\"async\" width=\"800\" height=\"533\" src=\"https:\/\/rosemolinabarrios.com\/wp-content\/uploads\/2025\/09\/Icarus-rise2-1200x800.jpg\" class=\"attachment-large size-large wp-image-918\" alt=\"\" srcset=\"https:\/\/rosemolinabarrios.com\/wp-content\/uploads\/2025\/09\/Icarus-rise2-1200x800.jpg 1200w, https:\/\/rosemolinabarrios.com\/wp-content\/uploads\/2025\/09\/Icarus-rise2-500x333.jpg 500w, https:\/\/rosemolinabarrios.com\/wp-content\/uploads\/2025\/09\/Icarus-rise2-300x200.jpg 300w, https:\/\/rosemolinabarrios.com\/wp-content\/uploads\/2025\/09\/Icarus-rise2-768x512.jpg 768w, https:\/\/rosemolinabarrios.com\/wp-content\/uploads\/2025\/09\/Icarus-rise2-1536x1025.jpg 1536w, https:\/\/rosemolinabarrios.com\/wp-content\/uploads\/2025\/09\/Icarus-rise2-18x12.jpg 18w, https:\/\/rosemolinabarrios.com\/wp-content\/uploads\/2025\/09\/Icarus-rise2.jpg 2048w\" sizes=\"(max-width: 800px) 100vw, 800px\" \/>\t\t\t\t\t\t\t\t\t\t\t\t\t\t\t<\/div>\n\t\t\t\t<\/div>\n\t\t\t\t<\/div>\n\t\t\t\t\t<\/div>\n\t\t\t\t<\/div>\n\t\t<div data-particle_enable=\"false\" data-particle-mobile-disabled=\"false\" class=\"elementor-element elementor-element-7bee1ed6 e-flex e-con-boxed e-con e-parent\" data-id=\"7bee1ed6\" data-element_type=\"container\" data-settings=\"{&quot;background_background&quot;:&quot;video&quot;,&quot;background_video_link&quot;:&quot;https:\\\/\\\/rosemolinabarrios.com\\\/wp-content\\\/uploads\\\/2025\\\/09\\\/banner-dancing-underwater.mp4&quot;,&quot;background_video_start&quot;:10,&quot;background_video_end&quot;:19,&quot;background_play_on_mobile&quot;:&quot;yes&quot;}\">\n\t\t\t\t\t<div class=\"e-con-inner\">\n\t\t<div class=\"elementor-background-video-container\" aria-hidden=\"true\">\n\t\t\t\t\t\t\t<video class=\"elementor-background-video-hosted\" autoplay muted playsinline loop><\/video>\n\t\t\t\t\t<\/div><div data-particle_enable=\"false\" data-particle-mobile-disabled=\"false\" class=\"elementor-element elementor-element-23d037ff e-flex e-con-boxed e-con e-child\" data-id=\"23d037ff\" data-element_type=\"container\">\n\t\t\t\t\t<div class=\"e-con-inner\">\n\t\t\t\t<div class=\"elementor-element elementor-element-32eb54ea elementor-invisible elementor-widget elementor-widget-heading\" data-id=\"32eb54ea\" data-element_type=\"widget\" data-settings=\"{&quot;_animation&quot;:&quot;fadeInUp&quot;}\" data-widget_type=\"heading.default\">\n\t\t\t\t\t<h2 class=\"elementor-heading-title elementor-size-default\">\u00bfListo para sumergirte?<\/h2>\t\t\t\t<\/div>\n\t\t\t\t<div class=\"elementor-element elementor-element-244a46d8 elementor-invisible elementor-widget elementor-widget-text-editor\" data-id=\"244a46d8\" data-element_type=\"widget\" data-settings=\"{&quot;_animation&quot;:&quot;fadeInUp&quot;}\" data-widget_type=\"text-editor.default\">\n\t\t\t\t\t\t\t\t\t<p>Tanto si buscas una transformaci\u00f3n personal como una expresi\u00f3n art\u00edstica, aqu\u00ed eres bienvenido.<br \/>Vayamos m\u00e1s all\u00e1 de los l\u00edmites: a trav\u00e9s del respiro, la emoci\u00f3n y el agua.<\/p>\t\t\t\t\t\t\t\t<\/div>\n\t\t\t\t\t<\/div>\n\t\t\t\t<\/div>\n\t\t<div data-particle_enable=\"false\" data-particle-mobile-disabled=\"false\" class=\"elementor-element elementor-element-59b7cfa e-con-full e-flex e-con e-child\" data-id=\"59b7cfa\" data-element_type=\"container\">\n\t\t<div data-particle_enable=\"false\" data-particle-mobile-disabled=\"false\" class=\"elementor-element elementor-element-40400986 e-con-full e-flex e-con e-child\" data-id=\"40400986\" data-element_type=\"container\">\n\t\t\t\t<div class=\"elementor-element elementor-element-f7878f9 elementor-tablet-align-left elementor-mobile-align-center elementor-invisible elementor-widget elementor-widget-button\" data-id=\"f7878f9\" data-element_type=\"widget\" data-settings=\"{&quot;_animation&quot;:&quot;fadeInUp&quot;}\" data-widget_type=\"button.default\">\n\t\t\t\t\t\t\t\t\t\t<a class=\"elementor-button elementor-button-link elementor-size-sm\" href=\"https:\/\/rosemolinabarrios.com\/contact\/\" target=\"_blank\">\n\t\t\t\t\t\t<span class=\"elementor-button-content-wrapper\">\n\t\t\t\t\t\t\t\t\t<span class=\"elementor-button-text\">Cont\u00e1ctame<\/span>\n\t\t\t\t\t<\/span>\n\t\t\t\t\t<\/a>\n\t\t\t\t\t\t\t\t<\/div>\n\t\t\t\t<\/div>\n\t\t<div data-particle_enable=\"false\" data-particle-mobile-disabled=\"false\" class=\"elementor-element elementor-element-7d4a4173 e-con-full e-flex e-con e-child\" data-id=\"7d4a4173\" data-element_type=\"container\">\n\t\t<div data-particle_enable=\"false\" data-particle-mobile-disabled=\"false\" class=\"elementor-element elementor-element-12cbb321 e-con-full e-flex elementor-invisible e-con e-child\" data-id=\"12cbb321\" data-element_type=\"container\" data-settings=\"{&quot;animation&quot;:&quot;fadeInUp&quot;}\">\n\t\t\t\t<div class=\"elementor-element elementor-element-125c1ae1 elementor-view-stacked elementor-shape-circle elementor-widget elementor-widget-icon\" data-id=\"125c1ae1\" data-element_type=\"widget\" data-widget_type=\"icon.default\">\n\t\t\t\t\t\t\t<div class=\"elementor-icon-wrapper\">\n\t\t\t<div class=\"elementor-icon\">\n\t\t\t<svg aria-hidden=\"true\" class=\"e-font-icon-svg e-fas-phone-alt\" viewbox=\"0 0 512 512\" xmlns=\"http:\/\/www.w3.org\/2000\/svg\"><path d=\"M497.39 361.8l-112-48a24 24 0 0 0-28 6.9l-49.6 60.6A370.66 370.66 0 0 1 130.6 204.11l60.6-49.6a23.94 23.94 0 0 0 6.9-28l-48-112A24.16 24.16 0 0 0 122.6.61l-104 24A24 24 0 0 0 0 48c0 256.5 207.9 464 464 464a24 24 0 0 0 23.4-18.6l24-104a24.29 24.29 0 0 0-14.01-27.6z\"><\/path><\/svg>\t\t\t<\/div>\n\t\t<\/div>\n\t\t\t\t\t\t<\/div>\n\t\t\t\t<\/div>\n\t\t<div data-particle_enable=\"false\" data-particle-mobile-disabled=\"false\" class=\"elementor-element elementor-element-63472cd e-con-full e-flex elementor-invisible e-con e-child\" data-id=\"63472cd\" data-element_type=\"container\" data-settings=\"{&quot;animation&quot;:&quot;fadeInUp&quot;}\">\n\t\t\t\t<div class=\"elementor-element elementor-element-45744b38 elementor-widget elementor-widget-heading\" data-id=\"45744b38\" data-element_type=\"widget\" data-widget_type=\"heading.default\">\n\t\t\t\t\t<h2 class=\"elementor-heading-title elementor-size-default\">Agenda una llamada<\/h2>\t\t\t\t<\/div>\n\t\t\t\t<div class=\"elementor-element elementor-element-5706de4 elementor-widget elementor-widget-text-editor\" data-id=\"5706de4\" data-element_type=\"widget\" data-widget_type=\"text-editor.default\">\n\t\t\t\t\t\t\t\t\t<p>+52 987 878 7141<\/p>\t\t\t\t\t\t\t\t<\/div>\n\t\t\t\t<\/div>\n\t\t\t\t<\/div>\n\t\t\t\t<\/div>\n\t\t\t\t\t<\/div>\n\t\t\t\t<\/div>\n\t\t\t\t<\/div>","protected":false},"excerpt":{"rendered":"<p>Featured Featured Collaborations Featured She Is the Ocean Documentary by Inessa Blokhina Rose appears in this award-winning film alongside nine inspiring women of the sea\u2014sharing stories of strength, connection, and transformation through the ocean. www.sheistheocean.com The Submerged Lightness Feature documentary by Fulvio Mariani \u2013 In distribution Rose appears as the film\u2019s sole underwater dancer, bringing [&hellip;]<\/p>","protected":false},"author":1,"featured_media":0,"parent":557,"menu_order":0,"comment_status":"closed","ping_status":"closed","template":"","meta":{"om_disable_all_campaigns":false,"footnotes":""},"class_list":["post-1813","page","type-page","status-publish","hentry"],"_links":{"self":[{"href":"https:\/\/rosemolinabarrios.com\/es\/wp-json\/wp\/v2\/pages\/1813","targetHints":{"allow":["GET"]}}],"collection":[{"href":"https:\/\/rosemolinabarrios.com\/es\/wp-json\/wp\/v2\/pages"}],"about":[{"href":"https:\/\/rosemolinabarrios.com\/es\/wp-json\/wp\/v2\/types\/page"}],"author":[{"embeddable":true,"href":"https:\/\/rosemolinabarrios.com\/es\/wp-json\/wp\/v2\/users\/1"}],"replies":[{"embeddable":true,"href":"https:\/\/rosemolinabarrios.com\/es\/wp-json\/wp\/v2\/comments?post=1813"}],"version-history":[{"count":22,"href":"https:\/\/rosemolinabarrios.com\/es\/wp-json\/wp\/v2\/pages\/1813\/revisions"}],"predecessor-version":[{"id":2446,"href":"https:\/\/rosemolinabarrios.com\/es\/wp-json\/wp\/v2\/pages\/1813\/revisions\/2446"}],"up":[{"embeddable":true,"href":"https:\/\/rosemolinabarrios.com\/es\/wp-json\/wp\/v2\/pages\/557"}],"wp:attachment":[{"href":"https:\/\/rosemolinabarrios.com\/es\/wp-json\/wp\/v2\/media?parent=1813"}],"curies":[{"name":"wp","href":"https:\/\/api.w.org\/{rel}","templated":true}]}}