{"id":1454,"date":"2025-11-02T09:53:36","date_gmt":"2025-11-02T09:53:36","guid":{"rendered":"https:\/\/rosemolinabarrios.com\/?page_id=1454"},"modified":"2026-03-06T03:51:26","modified_gmt":"2026-03-06T03:51:26","slug":"depth-presence-freediving-for-transformation","status":"publish","type":"page","link":"https:\/\/rosemolinabarrios.com\/es\/experiences\/freediving-instructor-training\/depth-presence-freediving-for-transformation\/","title":{"rendered":"Profundidad y Presencia - Apnea para Transformaci\u00f3n"},"content":{"rendered":"<div data-elementor-type=\"wp-page\" data-elementor-id=\"1454\" class=\"elementor elementor-1454\" data-elementor-post-type=\"page\">\n\t\t\t\t<div data-particle_enable=\"false\" data-particle-mobile-disabled=\"false\" class=\"elementor-element elementor-element-522d1a83 e-flex e-con-boxed e-con e-parent\" data-id=\"522d1a83\" data-element_type=\"container\" data-settings=\"{&quot;background_background&quot;:&quot;classic&quot;}\">\n\t\t\t\t\t<div class=\"e-con-inner\">\n\t\t<div data-particle_enable=\"false\" data-particle-mobile-disabled=\"false\" class=\"elementor-element elementor-element-765c3cfd e-con-full e-flex e-con e-child\" data-id=\"765c3cfd\" data-element_type=\"container\">\n\t\t<div data-particle_enable=\"false\" data-particle-mobile-disabled=\"false\" class=\"elementor-element elementor-element-1c79c070 e-con-full e-flex e-con e-child\" data-id=\"1c79c070\" data-element_type=\"container\">\n\t\t<div data-particle_enable=\"false\" data-particle-mobile-disabled=\"false\" class=\"elementor-element elementor-element-61763ab4 e-con-full e-flex e-con e-child\" data-id=\"61763ab4\" data-element_type=\"container\">\n\t\t<div data-particle_enable=\"false\" data-particle-mobile-disabled=\"false\" class=\"elementor-element elementor-element-3b8ddf05 e-con-full e-flex e-con e-child\" data-id=\"3b8ddf05\" data-element_type=\"container\" data-settings=\"{&quot;background_background&quot;:&quot;classic&quot;}\">\n\t\t<div data-particle_enable=\"false\" data-particle-mobile-disabled=\"false\" class=\"elementor-element elementor-element-169f21fa e-con-full e-flex e-con e-child\" data-id=\"169f21fa\" data-element_type=\"container\">\n\t\t\t\t<div class=\"elementor-element elementor-element-4ec8c650 elementor-widget elementor-widget-text-editor\" data-id=\"4ec8c650\" data-element_type=\"widget\" data-widget_type=\"text-editor.default\">\n\t\t\t\t\t\t\t\t\t<p>Apnea<\/p>\t\t\t\t\t\t\t\t<\/div>\n\t\t\t\t<\/div>\n\t\t\t\t<\/div>\n\t\t\t\t<\/div>\n\t\t<div data-particle_enable=\"false\" data-particle-mobile-disabled=\"false\" class=\"elementor-element elementor-element-6fe40ba3 e-con-full e-flex e-con e-child\" data-id=\"6fe40ba3\" data-element_type=\"container\">\n\t\t\t\t<div class=\"elementor-element elementor-element-f90b7fa elementor-widget elementor-widget-heading\" data-id=\"f90b7fa\" data-element_type=\"widget\" data-widget_type=\"heading.default\">\n\t\t\t\t\t<h4 class=\"elementor-heading-title elementor-size-default\">Profundidad y Presencia - Apnea para Transformaci\u00f3n<\/h4>\t\t\t\t<\/div>\n\t\t\t\t<div class=\"elementor-element elementor-element-1eeb9272 elementor-widget elementor-widget-text-editor\" data-id=\"1eeb9272\" data-element_type=\"widget\" data-widget_type=\"text-editor.default\">\n\t\t\t\t\t\t\t\t\t<p>Un viaje privado hacia el agua, hacia ti y hacia tu potencial<\/p>\t\t\t\t\t\t\t\t<\/div>\n\t\t\t\t<\/div>\n\t\t\t\t<\/div>\n\t\t\t\t<\/div>\n\t\t\t\t\t<\/div>\n\t\t\t\t<\/div>\n\t\t<div data-particle_enable=\"false\" data-particle-mobile-disabled=\"false\" class=\"elementor-element elementor-element-5cff3834 e-flex e-con-boxed e-con e-parent\" data-id=\"5cff3834\" data-element_type=\"container\">\n\t\t\t\t\t<div class=\"e-con-inner\">\n\t\t<div data-particle_enable=\"false\" data-particle-mobile-disabled=\"false\" class=\"elementor-element elementor-element-28cb7ba8 e-con-full e-flex e-con e-child\" data-id=\"28cb7ba8\" data-element_type=\"container\">\n\t\t<div data-particle_enable=\"false\" data-particle-mobile-disabled=\"false\" class=\"elementor-element elementor-element-447b0395 e-con-full e-flex e-con e-child\" data-id=\"447b0395\" data-element_type=\"container\">\n\t\t<div data-particle_enable=\"false\" data-particle-mobile-disabled=\"false\" class=\"elementor-element elementor-element-5a3817e0 e-con-full e-flex e-con e-child\" data-id=\"5a3817e0\" data-element_type=\"container\">\n\t\t<div data-particle_enable=\"false\" data-particle-mobile-disabled=\"false\" class=\"elementor-element elementor-element-3d227235 e-con-full e-flex e-con e-child\" data-id=\"3d227235\" data-element_type=\"container\" data-settings=\"{&quot;background_background&quot;:&quot;classic&quot;}\">\n\t\t<div data-particle_enable=\"false\" data-particle-mobile-disabled=\"false\" class=\"elementor-element elementor-element-19031e20 e-con-full e-flex e-con e-child\" data-id=\"19031e20\" data-element_type=\"container\">\n\t\t\t\t<div class=\"elementor-element elementor-element-7823a455 elementor-widget elementor-widget-text-editor\" data-id=\"7823a455\" data-element_type=\"widget\" data-widget_type=\"text-editor.default\">\n\t\t\t\t\t\t\t\t\t<p>Exploraci\u00f3n Bajo el Agua<\/p>\t\t\t\t\t\t\t\t<\/div>\n\t\t\t\t<\/div>\n\t\t\t\t<\/div>\n\t\t<div data-particle_enable=\"false\" data-particle-mobile-disabled=\"false\" class=\"elementor-element elementor-element-12cce7e0 e-con-full elementor-hidden-tablet elementor-hidden-mobile e-flex e-con e-child\" data-id=\"12cce7e0\" data-element_type=\"container\" data-settings=\"{&quot;background_background&quot;:&quot;classic&quot;}\">\n\t\t<div data-particle_enable=\"false\" data-particle-mobile-disabled=\"false\" class=\"elementor-element elementor-element-22b713a2 e-con-full e-flex e-con e-child\" data-id=\"22b713a2\" data-element_type=\"container\">\n\t\t\t\t<div class=\"elementor-element elementor-element-5568c99c elementor-widget elementor-widget-text-editor\" data-id=\"5568c99c\" data-element_type=\"widget\" data-widget_type=\"text-editor.default\">\n\t\t\t\t\t\t\t\t\t<p>Experiencia Nueva<\/p>\t\t\t\t\t\t\t\t<\/div>\n\t\t\t\t<\/div>\n\t\t\t\t<\/div>\n\t\t<div data-particle_enable=\"false\" data-particle-mobile-disabled=\"false\" class=\"elementor-element elementor-element-195e0a8e e-con-full elementor-hidden-tablet elementor-hidden-mobile e-flex e-con e-child\" data-id=\"195e0a8e\" data-element_type=\"container\" data-settings=\"{&quot;background_background&quot;:&quot;classic&quot;}\">\n\t\t<div data-particle_enable=\"false\" data-particle-mobile-disabled=\"false\" class=\"elementor-element elementor-element-3de55339 e-con-full e-flex e-con e-child\" data-id=\"3de55339\" data-element_type=\"container\">\n\t\t\t\t<div class=\"elementor-element elementor-element-492c83a3 elementor-widget elementor-widget-text-editor\" data-id=\"492c83a3\" data-element_type=\"widget\" data-widget_type=\"text-editor.default\">\n\t\t\t\t\t\t\t\t\t<p>Viaje para Principiantes<\/p>\t\t\t\t\t\t\t\t<\/div>\n\t\t\t\t<\/div>\n\t\t\t\t<\/div>\n\t\t\t\t<\/div>\n\t\t<div data-particle_enable=\"false\" data-particle-mobile-disabled=\"false\" class=\"elementor-element elementor-element-2b01addd e-con-full e-flex e-con e-child\" data-id=\"2b01addd\" data-element_type=\"container\">\n\t\t\t\t<div class=\"elementor-element elementor-element-1b7a58ee elementor-widget elementor-widget-image\" data-id=\"1b7a58ee\" data-element_type=\"widget\" data-widget_type=\"image.default\">\n\t\t\t\t\t\t\t\t\t\t\t\t\t\t\t<img fetchpriority=\"high\" decoding=\"async\" width=\"800\" height=\"533\" src=\"https:\/\/rosemolinabarrios.com\/wp-content\/uploads\/2025\/10\/Rose_0038-1200x800.jpg\" class=\"attachment-large size-large wp-image-1197\" alt=\"\" srcset=\"https:\/\/rosemolinabarrios.com\/wp-content\/uploads\/2025\/10\/Rose_0038-1200x800.jpg 1200w, https:\/\/rosemolinabarrios.com\/wp-content\/uploads\/2025\/10\/Rose_0038-500x333.jpg 500w, https:\/\/rosemolinabarrios.com\/wp-content\/uploads\/2025\/10\/Rose_0038-300x200.jpg 300w, https:\/\/rosemolinabarrios.com\/wp-content\/uploads\/2025\/10\/Rose_0038-768x512.jpg 768w, https:\/\/rosemolinabarrios.com\/wp-content\/uploads\/2025\/10\/Rose_0038-1536x1024.jpg 1536w, https:\/\/rosemolinabarrios.com\/wp-content\/uploads\/2025\/10\/Rose_0038-2048x1365.jpg 2048w, https:\/\/rosemolinabarrios.com\/wp-content\/uploads\/2025\/10\/Rose_0038-18x12.jpg 18w\" sizes=\"(max-width: 800px) 100vw, 800px\" \/>\t\t\t\t\t\t\t\t\t\t\t\t\t\t\t<\/div>\n\t\t\t\t<\/div>\n\t\t\t\t<\/div>\n\t\t<div data-particle_enable=\"false\" data-particle-mobile-disabled=\"false\" class=\"elementor-element elementor-element-36525f0f e-con-full e-flex e-con e-child\" data-id=\"36525f0f\" data-element_type=\"container\">\n\t\t<div data-particle_enable=\"false\" data-particle-mobile-disabled=\"false\" class=\"elementor-element elementor-element-7f0b0dbf e-con-full e-flex e-con e-child\" data-id=\"7f0b0dbf\" data-element_type=\"container\">\n\t\t\t\t<div class=\"elementor-element elementor-element-14b274a1 elementor-widget elementor-widget-text-editor\" data-id=\"14b274a1\" data-element_type=\"widget\" data-widget_type=\"text-editor.default\">\n\t\t\t\t\t\t\t\t\t<p>No necesitas saber hacer apnea. Solo necesitas sentir el llamado del agua: la curiosidad de explorar, el deseo de bajar el ritmo, las ganas profundas de reconectar contigo mismo\/a.<\/p>\t\t\t\t\t\t\t\t<\/div>\n\t\t\t\t<div class=\"elementor-element elementor-element-08a346e elementor-widget elementor-widget-text-editor\" data-id=\"08a346e\" data-element_type=\"widget\" data-widget_type=\"text-editor.default\">\n\t\t\t\t\t\t\t\t\t<p>Esto no es un deporte que dominar, sino un viaje que sentir. A trav\u00e9s de la respiraci\u00f3n, la quietud y el suave abrazo del agua, descubrir\u00e1s una nueva forma de estar: calmado\/a, confiado\/a y profundamente presente.<\/p>\t\t\t\t\t\t\t\t<\/div>\n\t\t\t\t<div class=\"elementor-element elementor-element-3308b80 elementor-widget elementor-widget-text-editor\" data-id=\"3308b80\" data-element_type=\"widget\" data-widget_type=\"text-editor.default\">\n\t\t\t\t\t\t\t\t\t<p>Desde los m\u00e1gicos cenotes de M\u00e9xico hasta las bah\u00edas turquesas del Mediterr\u00e1neo, el agua est\u00e1 lista para recibirte. Tu viaje comienza aqu\u00ed.<\/p>\t\t\t\t\t\t\t\t<\/div>\n\t\t\t\t<div class=\"elementor-element elementor-element-280008b9 elementor-mobile-align-center elementor-widget elementor-widget-button\" data-id=\"280008b9\" data-element_type=\"widget\" data-widget_type=\"button.default\">\n\t\t\t\t\t\t\t\t\t\t<a class=\"elementor-button elementor-button-link elementor-size-sm\" href=\"https:\/\/rosemolinabarrios.com\/depth-presence-freediving-for-transformation-more-info-page\/\" target=\"_blank\">\n\t\t\t\t\t\t<span class=\"elementor-button-content-wrapper\">\n\t\t\t\t\t\t<span class=\"elementor-button-icon\">\n\t\t\t\t<svg aria-hidden=\"true\" class=\"e-font-icon-svg e-fas-arrow-circle-right\" viewbox=\"0 0 512 512\" xmlns=\"http:\/\/www.w3.org\/2000\/svg\"><path d=\"M256 8c137 0 248 111 248 248S393 504 256 504 8 393 8 256 119 8 256 8zm-28.9 143.6l75.5 72.4H120c-13.3 0-24 10.7-24 24v16c0 13.3 10.7 24 24 24h182.6l-75.5 72.4c-9.7 9.3-9.9 24.8-.4 34.3l11 10.9c9.4 9.4 24.6 9.4 33.9 0L404.3 273c9.4-9.4 9.4-24.6 0-33.9L271.6 106.3c-9.4-9.4-24.6-9.4-33.9 0l-11 10.9c-9.5 9.6-9.3 25.1.4 34.4z\"><\/path><\/svg>\t\t\t<\/span>\n\t\t\t\t\t\t\t\t\t<span class=\"elementor-button-text\">M\u00e1s Info<\/span>\n\t\t\t\t\t<\/span>\n\t\t\t\t\t<\/a>\n\t\t\t\t\t\t\t\t<\/div>\n\t\t\t\t<\/div>\n\t\t\t\t<\/div>\n\t\t\t\t<\/div>\n\t\t\t\t\t<\/div>\n\t\t\t\t<\/div>\n\t\t\t\t<\/div>","protected":false},"excerpt":{"rendered":"<p>Freediving Depth &amp; Presence \u2013 Freediving for Transformation A private journey into the water, yourself, and your potential Underwater Exploration Adventure Experience Beginner Journey You don\u2019t need to know how to freedive. You just need to feel the call of the water \u2014 the curiosity to explore, the wish to slow down, the longing to [&hellip;]<\/p>","protected":false},"author":1,"featured_media":0,"parent":605,"menu_order":0,"comment_status":"closed","ping_status":"closed","template":"","meta":{"om_disable_all_campaigns":false,"footnotes":""},"class_list":["post-1454","page","type-page","status-publish","hentry"],"_links":{"self":[{"href":"https:\/\/rosemolinabarrios.com\/es\/wp-json\/wp\/v2\/pages\/1454","targetHints":{"allow":["GET"]}}],"collection":[{"href":"https:\/\/rosemolinabarrios.com\/es\/wp-json\/wp\/v2\/pages"}],"about":[{"href":"https:\/\/rosemolinabarrios.com\/es\/wp-json\/wp\/v2\/types\/page"}],"author":[{"embeddable":true,"href":"https:\/\/rosemolinabarrios.com\/es\/wp-json\/wp\/v2\/users\/1"}],"replies":[{"embeddable":true,"href":"https:\/\/rosemolinabarrios.com\/es\/wp-json\/wp\/v2\/comments?post=1454"}],"version-history":[{"count":40,"href":"https:\/\/rosemolinabarrios.com\/es\/wp-json\/wp\/v2\/pages\/1454\/revisions"}],"predecessor-version":[{"id":2477,"href":"https:\/\/rosemolinabarrios.com\/es\/wp-json\/wp\/v2\/pages\/1454\/revisions\/2477"}],"up":[{"embeddable":true,"href":"https:\/\/rosemolinabarrios.com\/es\/wp-json\/wp\/v2\/pages\/605"}],"wp:attachment":[{"href":"https:\/\/rosemolinabarrios.com\/es\/wp-json\/wp\/v2\/media?parent=1454"}],"curies":[{"name":"wp","href":"https:\/\/api.w.org\/{rel}","templated":true}]}}