{"id":1015,"date":"2025-09-30T06:34:24","date_gmt":"2025-09-30T06:34:24","guid":{"rendered":"https:\/\/rosemolinabarrios.com\/?page_id=1015"},"modified":"2025-10-07T07:29:34","modified_gmt":"2025-10-07T07:29:34","slug":"locations","status":"publish","type":"page","link":"https:\/\/rosemolinabarrios.com\/es\/locations\/","title":{"rendered":"Ubicaciones"},"content":{"rendered":"<div data-elementor-type=\"wp-page\" data-elementor-id=\"1015\" class=\"elementor elementor-1015\" data-elementor-post-type=\"page\">\n\t\t\t\t<div data-particle_enable=\"false\" data-particle-mobile-disabled=\"false\" class=\"elementor-element elementor-element-423c228 e-flex e-con-boxed e-con e-parent\" data-id=\"423c228\" data-element_type=\"container\">\n\t\t\t\t\t<div class=\"e-con-inner\">\n\t\t\t\t<div class=\"elementor-element elementor-element-db8775c elementor-widget elementor-widget-slider_revolution\" data-id=\"db8775c\" data-element_type=\"widget\" data-widget_type=\"slider_revolution.default\">\n\t\t\t\t\t\n\t\t<div class=\"wp-block-themepunch-revslider\">\n\t\t\t\t<p class=\"rs-p-wp-fix\"><\/p>\n\t\t\t\t<sr7-module data-alias=\"Localitions-Slider\" data-id=\"63\" id=\"SR7_63_1\" class=\"rs-ov-hidden\" data-version=\"6.7.40\">\n\t\t\t\t\t<sr7-adjuster><\/sr7-adjuster>\n\t\t\t\t\t<sr7-content>\n\t\t\t\t\t\t<sr7-slide id=\"SR7_63_1-155\" data-key=\"155\">\n\t\t\t\t\t\t\t<sr7-txt id=\"SR7_63_1-155-4\" class=\"sr7-layer\">Explora Riviera Maya<\/sr7-txt>\n\t\t\t\t\t\t\t<sr7-txt id=\"SR7_63_1-155-6\" class=\"sr7-layer\">Cerde\u00f1a<\/sr7-txt>\n\t\t\t\t\t\t\t<sr7-txt id=\"SR7_63_1-155-8\" class=\"sr7-layer\">Riviera Maya<\/sr7-txt>\n\t\t\t\t\t\t\t<sr7-txt id=\"SR7_63_1-155-12\" class=\"sr7-layer\">Descubre<\/sr7-txt>\n\t\t\t\t\t\t\t<sr7-txt id=\"SR7_63_1-155-15\" class=\"sr7-layer\"><\/sr7-txt>\n\t\t\t\t\t\t\t<sr7-txt id=\"SR7_63_1-155-16\" class=\"sr7-layer\">Escoge tu Viaje<\/sr7-txt>\n\t\t\t\t\t\t\t<sr7-txt id=\"SR7_63_1-155-17\" class=\"sr7-layer\">Explora Cerde\u00f1a<\/sr7-txt>\n\t\t\t\t\t\t\t<sr7-txt id=\"SR7_63_1-155-18\" class=\"sr7-layer\">M\u00e9xico (Octubre a Marzo)<br \/>\nLa Riviera Maya ofrece un mundo m\u00e1gico bajo el agua con sus cenotes y el pr\u00edstino Mar<br \/>\nCaribe<\/sr7-txt>\n\t\t\t\t\t\t\t<sr7-txt id=\"SR7_63_1-155-20\" class=\"sr7-layer\">- Cala Gonone (Abril a Septiembre)<br \/>\nChatGPT Plus\n\nCala Gonone, en el coraz\u00f3n del Golfo de Orosei, es un para\u00edso de diversidad: bah\u00edas de aguas cristalinas,<br \/>\ncuevas escondidas y acantilados impresionantes.<\/sr7-txt>\n\t\t\t\t\t\t\t<sr7-txt id=\"SR7_63_1-155-35\" class=\"sr7-layer\">Ubicaciones<\/sr7-txt>\n\t\t\t\t\t\t\t<a id=\"SR7_63_1-155-37\" class=\"sr7-layer\" href=\"\" target=\"_blank\" rel=\"noopener\"><\/a>\n\t\t\t\t\t\t\t<a id=\"SR7_63_1-155-38\" class=\"sr7-layer\" href=\"\" target=\"_blank\" rel=\"noopener\"><\/a>\n\t\t\t\t\t\t<\/sr7-slide>\n\t\t\t\t\t\t<sr7-slide id=\"SR7_63_1-156\" data-key=\"156\">\n\t\t\t\t\t\t\t<sr7-txt id=\"SR7_63_1-156-6\" class=\"sr7-layer\">Cerde\u00f1a<\/sr7-txt>\n\t\t\t\t\t\t\t<a id=\"SR7_63_1-156-7\" class=\"sr7-layer\" href=\"\" target=\"_blank\" rel=\"noopener\"><\/a>\n\t\t\t\t\t\t\t<sr7-txt id=\"SR7_63_1-156-8\" class=\"sr7-layer\">Riviera Maya<\/sr7-txt>\n\t\t\t\t\t\t\t<sr7-txt id=\"SR7_63_1-156-15\" class=\"sr7-layer\"><\/sr7-txt>\n\t\t\t\t\t\t\t<sr7-txt id=\"SR7_63_1-156-29\" class=\"sr7-layer\">Cerde\u00f1a<\/sr7-txt>\n\t\t\t\t\t\t\t<sr7-txt id=\"SR7_63_1-156-30\" class=\"sr7-layer\">Incre\u00edbles caminatas a lo largo de la costa revelan vistas inolvidables, y la rica gastronom\u00eda italiana hace que cada estad\u00eda sea un deleite.<\/sr7-txt>\n\t\t\t\t\t\t\t<sr7-txt id=\"SR7_63_1-156-31\" class=\"sr7-layer\">Cala Gonone<\/sr7-txt>\n\t\t\t\t\t\t\t<sr7-txt id=\"SR7_63_1-156-32\" class=\"sr7-layer\">Italia<\/sr7-txt>\n\t\t\t\t\t\t<\/sr7-slide>\n\t\t\t\t\t\t<sr7-slide id=\"SR7_63_1-157\" data-key=\"157\">\n\t\t\t\t\t\t\t<sr7-txt id=\"SR7_63_1-157-6\" class=\"sr7-layer\">Cerde\u00f1a<\/sr7-txt>\n\t\t\t\t\t\t\t<a id=\"SR7_63_1-157-7\" class=\"sr7-layer\" href=\"\" target=\"_blank\" rel=\"noopener\"><\/a>\n\t\t\t\t\t\t\t<sr7-txt id=\"SR7_63_1-157-8\" class=\"sr7-layer\">Riviera Maya<\/sr7-txt>\n\t\t\t\t\t\t\t<sr7-txt id=\"SR7_63_1-157-29\" class=\"sr7-layer\">Cerde\u00f1a<\/sr7-txt>\n\t\t\t\t\t\t\t<sr7-txt id=\"SR7_63_1-157-30\" class=\"sr7-layer\">Eleg\u00ed este lugar por su belleza<br \/>\nnatural, su variedad de paisajes y la libertad que inspira: perfecto para explorar, entrenar y<br \/>\nconectar con la naturaleza.<\/sr7-txt>\n\t\t\t\t\t\t\t<sr7-txt id=\"SR7_63_1-157-31\" class=\"sr7-layer\"><\/sr7-txt>\n\t\t\t\t\t\t\t<sr7-txt id=\"SR7_63_1-157-32\" class=\"sr7-layer\">Italia<\/sr7-txt>\n\t\t\t\t\t\t<\/sr7-slide>\n\t\t\t\t\t\t<sr7-slide id=\"SR7_63_1-160\" data-key=\"160\">\n\t\t\t\t\t\t\t<sr7-txt id=\"SR7_63_1-160-6\" class=\"sr7-layer\">Cerde\u00f1a<\/sr7-txt>\n\t\t\t\t\t\t\t<sr7-txt id=\"SR7_63_1-160-8\" class=\"sr7-layer\">Riviera Maya<\/sr7-txt>\n\t\t\t\t\t\t\t<sr7-txt id=\"SR7_63_1-160-15\" class=\"sr7-layer\"><\/sr7-txt>\n\t\t\t\t\t\t\t<sr7-txt id=\"SR7_63_1-160-29\" class=\"sr7-layer\">Riviera Maya<\/sr7-txt>\n\t\t\t\t\t\t\t<sr7-txt id=\"SR7_63_1-160-30\" class=\"sr7-layer\">La Riviera Maya ofrece un mundo m\u00e1gico bajo el agua con sus cenotes y el pr\u00edstino Mar Caribe.<\/sr7-txt>\n\t\t\t\t\t\t\t<sr7-txt id=\"SR7_63_1-160-31\" class=\"sr7-layer\">(Octubre a Marzo)<\/sr7-txt>\n\t\t\t\t\t\t\t<sr7-txt id=\"SR7_63_1-160-32\" class=\"sr7-layer\">M\u00e9xico<\/sr7-txt>\n\t\t\t\t\t\t<\/sr7-slide>\n\t\t\t\t\t\t<sr7-slide id=\"SR7_63_1-161\" data-key=\"161\">\n\t\t\t\t\t\t\t<sr7-txt id=\"SR7_63_1-161-6\" class=\"sr7-layer\">Cerde\u00f1a<\/sr7-txt>\n\t\t\t\t\t\t\t<sr7-txt id=\"SR7_63_1-161-8\" class=\"sr7-layer\">Riviera Maya<\/sr7-txt>\n\t\t\t\t\t\t\t<sr7-txt id=\"SR7_63_1-161-15\" class=\"sr7-layer\"><\/sr7-txt>\n\t\t\t\t\t\t\t<sr7-txt id=\"SR7_63_1-161-29\" class=\"sr7-layer\">Riviera Maya<\/sr7-txt>\n\t\t\t\t\t\t\t<sr7-txt id=\"SR7_63_1-161-30\" class=\"sr7-layer\">Las condiciones ideales para el freediving, las aguas c\u00e1lidas y la vibrante gastronom\u00eda local hacen de este lugar el escenario<br \/>\nperfecto para profundizar tu pr\u00e1ctica mientras disfrutas la riqueza de la cultura mexicana.<\/sr7-txt>\n\t\t\t\t\t\t\t<sr7-txt id=\"SR7_63_1-161-32\" class=\"sr7-layer\">M\u00e9xico<\/sr7-txt>\n\t\t\t\t\t\t<\/sr7-slide>\n\t\t\t\t\t\t<sr7-slide id=\"SR7_63_1-162\" data-key=\"162\">\n\t\t\t\t\t\t\t<sr7-txt id=\"SR7_63_1-162-6\" class=\"sr7-layer\">Cerde\u00f1a<br \/>\n<\/sr7-txt>\n\t\t\t\t\t\t\t<sr7-txt id=\"SR7_63_1-162-8\" class=\"sr7-layer\">Riviera Maya<\/sr7-txt>\n\t\t\t\t\t\t\t<sr7-txt id=\"SR7_63_1-162-15\" class=\"sr7-layer\"><\/sr7-txt>\n\t\t\t\t\t\t\t<sr7-txt id=\"SR7_63_1-162-29\" class=\"sr7-layer\">Riviera Maya<\/sr7-txt>\n\t\t\t\t\t\t\t<sr7-txt id=\"SR7_63_1-162-30\" class=\"sr7-layer\">Eleg\u00ed este lugar por su seguridad, su belleza y la oportunidad \u00fanica de conectar con el entorno bajo el agua en un escenario sereno e inspirador.<\/sr7-txt>\n\t\t\t\t\t\t\t<sr7-txt id=\"SR7_63_1-162-32\" class=\"sr7-layer\">M\u00e9xico<\/sr7-txt>\n\t\t\t\t\t\t<\/sr7-slide>\n\t\t\t\t\t\t<sr7-slide id=\"SR7_63_1-164\" data-key=\"164\">\n\t\t\t\t\t\t<\/sr7-slide>\n\t\t\t\t\t<\/sr7-content>\n\t\t\t\t\t<image_lists style=\"display:none\">\n\t\t\t\t\t\t<img data-src=\"\/\/rosemolinabarrios.com\/wp-content\/uploads\/2025\/10\/aerial-shot-of-the-cenote-cristalino-in-tulum-mex-2025-02-09-01-25-14-utc.webp\" data-libid=\"1330\" title=\"aerial-shot-of-the-cenote-cristalino-in-tulum-mex-2025-02-09-01-25-14-utc\" width=\"0\" height=\"0\" data-dbsrc=\"Ly9yb3NlbW9saW5hYmFycmlvcy5jb20vd3AtY29udGVudC91cGxvYWRzLzIwMjUvMTAvYWVyaWFsLXNob3Qtb2YtdGhlLWNlbm90ZS1jcmlzdGFsaW5vLWluLXR1bHVtLW1leC0yMDI1LTAyLTA5LTAxLTI1LTE0LXV0Yy53ZWJw\"\/>\n\t\t\t\t\t\t<img data-src=\"\/\/rosemolinabarrios.com\/wp-content\/uploads\/2025\/10\/IMG_1224-scaled.jpg\" data-libid=\"1158\" alt=\"Sardinia Cover\" title=\"Cerde\u00f1a\" width=\"0\" height=\"0\" data-dbsrc=\"Ly9yb3NlbW9saW5hYmFycmlvcy5jb20vd3AtY29udGVudC91cGxvYWRzLzIwMjUvMTAvSU1HXzEyMjQtc2NhbGVkLmpwZw==\"\/>\n\t\t\t\t\t\t<img data-src=\"\/\/rosemolinabarrios.com\/wp-content\/uploads\/2025\/10\/IMG_5267-2-2048x1536.webp\" data-libid=\"1136\" alt=\"Sardinia Cover\" title=\"Cerde\u00f1a\" width=\"0\" height=\"0\" data-dbsrc=\"Ly9yb3NlbW9saW5hYmFycmlvcy5jb20vd3AtY29udGVudC91cGxvYWRzLzIwMjUvMTAvSU1HXzUyNjctMi0yMDQ4eDE1MzYud2VicA==\"\/>\n\t\t\t\t\t\t<img loading=\"lazy\" data-src=\"\/\/rosemolinabarrios.com\/wp-content\/uploads\/revslider\/Elegant-Perfume-Shop-Slider-Template\/arrow-r_1.svg\" width=\"0\" height=\"0\" data-dbsrc=\"Ly9yb3NlbW9saW5hYmFycmlvcy5jb20vd3AtY29udGVudC91cGxvYWRzL3JldnNsaWRlci9FbGVnYW50LVBlcmZ1bWUtU2hvcC1TbGlkZXItVGVtcGxhdGUvYXJyb3ctcl8xLnN2Zw==\"\/>\n\t\t\t\t\t\t<img loading=\"lazy\" data-src=\"\/\/rosemolinabarrios.com\/wp-content\/uploads\/revslider\/Elegant-Perfume-Shop-Slider-Template\/arrow-l_1.svg\" width=\"0\" height=\"0\" data-dbsrc=\"Ly9yb3NlbW9saW5hYmFycmlvcy5jb20vd3AtY29udGVudC91cGxvYWRzL3JldnNsaWRlci9FbGVnYW50LVBlcmZ1bWUtU2hvcC1TbGlkZXItVGVtcGxhdGUvYXJyb3ctbF8xLnN2Zw==\"\/>\n\t\t\t\t\t\t<img loading=\"lazy\" data-src=\"\/\/rosemolinabarrios.com\/wp-content\/uploads\/2025\/10\/IMG_6114-2048x1536.webp\" data-libid=\"1159\" title=\"IMG_6114\" width=\"0\" height=\"0\" data-dbsrc=\"Ly9yb3NlbW9saW5hYmFycmlvcy5jb20vd3AtY29udGVudC91cGxvYWRzLzIwMjUvMTAvSU1HXzYxMTQtMjA0OHgxNTM2LndlYnA=\"\/>\n\t\t\t\t\t\t<img loading=\"lazy\" data-src=\"\/\/rosemolinabarrios.com\/wp-content\/uploads\/2025\/09\/@valeoceano_liquidjungle_DSC01721.webp\" data-libid=\"732\" title=\"@valeoceano_liquidjungle_DSC01721\" width=\"0\" height=\"0\" data-dbsrc=\"Ly9yb3NlbW9saW5hYmFycmlvcy5jb20vd3AtY29udGVudC91cGxvYWRzLzIwMjUvMDkvQHZhbGVvY2Vhbm9fbGlxdWlkanVuZ2xlX0RTQzAxNzIxLndlYnA=\"\/>\n\t\t\t\t\t\t<img loading=\"lazy\" data-src=\"\/\/rosemolinabarrios.com\/wp-content\/uploads\/2025\/08\/DES_7564.webp\" data-libid=\"464\" title=\"DES_7564\" width=\"0\" height=\"0\" data-dbsrc=\"Ly9yb3NlbW9saW5hYmFycmlvcy5jb20vd3AtY29udGVudC91cGxvYWRzLzIwMjUvMDgvREVTXzc1NjQud2VicA==\"\/>\n\t\t\t\t\t\t<img loading=\"lazy\" data-src=\"\/\/rosemolinabarrios.com\/wp-content\/uploads\/2025\/09\/DSC05306-scaled.jpg\" data-libid=\"685\" title=\"DSC05306\" width=\"0\" height=\"0\" data-dbsrc=\"Ly9yb3NlbW9saW5hYmFycmlvcy5jb20vd3AtY29udGVudC91cGxvYWRzLzIwMjUvMDkvRFNDMDUzMDYtc2NhbGVkLmpwZw==\"\/>\n\t\t\t\t\t<\/image_lists>\n\t\t\t\t<\/sr7-module>\n\t\t\t\t<script>\n\t\t\t\t\tSR7.PMH ??={}; SR7.PMH[\"SR7_63_1\"] = {cn:100,state:false,fn: function() { if (_tpt!==undefined && _tpt.prepareModuleHeight !== undefined) {  _tpt.prepareModuleHeight({id:\"SR7_63_1\",el:[900,900,768,960,720],type:'standard',shdw:'0',gh:[900,900,768,960,720],gw:[1240,1240,1024,778,480],vpt:['-100px&#039;,&#039;-100px&#039;,&#039;-100px&#039;,&#039;-100px&#039;,&#039;-100px'],size:{fullWidth:true, fullHeight:true},fho:'',mh:'0',onh:0,onw:0,bg:{color:'{\"type\":\"solid\",\"orig\":\"#000000\",\"string\":\"rgba(0, 0, 0, 1)\"}'}});   SR7.PMH[\"SR7_63_1\"].state=true;} else if(SR7.PMH[\"SR7_63_1\"].cn-->0)\tsetTimeout( SR7.PMH[\"SR7_63_1\"].fn,19);}};SR7.PMH[\"SR7_63_1\" ].fn();\n\t\t\t\t<\/script>\n<\/div>\n\n\t\t\t\t\t\t<\/div>\n\t\t\t\t\t<\/div>\n\t\t\t\t<\/div>\n\t\t\t\t<\/div>","protected":false},"excerpt":{"rendered":"","protected":false},"author":1,"featured_media":0,"parent":0,"menu_order":0,"comment_status":"closed","ping_status":"closed","template":"","meta":{"om_disable_all_campaigns":false,"footnotes":""},"class_list":["post-1015","page","type-page","status-publish","hentry"],"_links":{"self":[{"href":"https:\/\/rosemolinabarrios.com\/es\/wp-json\/wp\/v2\/pages\/1015","targetHints":{"allow":["GET"]}}],"collection":[{"href":"https:\/\/rosemolinabarrios.com\/es\/wp-json\/wp\/v2\/pages"}],"about":[{"href":"https:\/\/rosemolinabarrios.com\/es\/wp-json\/wp\/v2\/types\/page"}],"author":[{"embeddable":true,"href":"https:\/\/rosemolinabarrios.com\/es\/wp-json\/wp\/v2\/users\/1"}],"replies":[{"embeddable":true,"href":"https:\/\/rosemolinabarrios.com\/es\/wp-json\/wp\/v2\/comments?post=1015"}],"version-history":[{"count":7,"href":"https:\/\/rosemolinabarrios.com\/es\/wp-json\/wp\/v2\/pages\/1015\/revisions"}],"predecessor-version":[{"id":1177,"href":"https:\/\/rosemolinabarrios.com\/es\/wp-json\/wp\/v2\/pages\/1015\/revisions\/1177"}],"wp:attachment":[{"href":"https:\/\/rosemolinabarrios.com\/es\/wp-json\/wp\/v2\/media?parent=1015"}],"curies":[{"name":"wp","href":"https:\/\/api.w.org\/{rel}","templated":true}]}}